{"id":959,"date":"2020-12-23T06:59:16","date_gmt":"2020-12-23T06:59:16","guid":{"rendered":"http:\/\/bcngestioempresarial.com\/politica-de-privacidad\/"},"modified":"2021-05-14T15:54:18","modified_gmt":"2021-05-14T15:54:18","slug":"politica-de-privacidad","status":"publish","type":"page","link":"https:\/\/bcngestioempresarial.com\/ca\/politica-de-privacidad\/","title":{"rendered":"Pol\u00edtica de privacidad"},"content":{"rendered":"<div class=\"fusion-fullwidth fullwidth-box fusion-builder-row-1 fusion-flex-container nonhundred-percent-fullwidth non-hundred-percent-height-scrolling\" style=\"background-color: rgba(255,255,255,0);background-position: center center;background-repeat: no-repeat;border-width: 0px 0px 0px 0px;border-color:#e2e2e2;border-style:solid;\" ><div class=\"fusion-builder-row fusion-row fusion-flex-align-items-flex-start\" style=\"max-width:1248px;margin-left: calc(-4% \/ 2 );margin-right: calc(-4% \/ 2 );\"><div class=\"fusion-layout-column fusion_builder_column fusion-builder-column-0 fusion_builder_column_1_1 1_1 fusion-flex-column\"><div class=\"fusion-column-wrapper fusion-flex-justify-content-flex-start fusion-content-layout-column\" style=\"background-position:left top;background-repeat:no-repeat;-webkit-background-size:cover;-moz-background-size:cover;-o-background-size:cover;background-size:cover;padding: 0px 0px 0px 0px;\"><div class=\"fusion-text fusion-text-1\" style=\"transform:translate3d(0,0,0);\"><p>Por medio de este sitio web, se recogen datos de car\u00e1cter personal necesarios para la gesti\u00f3n y mantenimiento de algunos de nuestros servicios.<\/p>\n<p>Le informamos que el titular del sitio web (responsable del tratamiento) cumple con la Ley Org\u00e1nica 3\/2018, de 5 de diciembre, de Protecci\u00f3n de Datos de Car\u00e1cter Personal y garant\u00eda de los derechos digitales (en adelante, LOPDGDD), el Reglamento UE 2016\/679, General de Protecci\u00f3n de Datos (en adelante, RGPD) y dem\u00e1s normativa vigente y de aplicaci\u00f3n en cada momento, velando por garantizar un correcto uso y tratamiento de los datos personales del usuario.<\/p>\n<p>De conformidad con el art\u00edculo 13 del RGPD y\u00a0 11 de la LOPDGDD, esta Pol\u00edtica de Privacidad se aplica a los tratamientos de datos de car\u00e1cter personal que BCN GESTIO EMPRESARIAL, SL realiza como responsable del tratamiento, en relaci\u00f3n con los datos que los usuarios y\/o clientes (personas f\u00edsicas) facilitan como consecuencia de la solicitud de informaci\u00f3n y\/o contrataci\u00f3n de los servicios y\/o productos que presta y comercializa a trav\u00e9s de esta p\u00e1gina web, o recabados en cualquiera de las secciones de la p\u00e1gina.<\/p>\n<p><strong>Identidad del responsable del tratamiento de sus datos personales<\/strong><\/p>\n<ul>\n<li><strong>Responsable del tratamiento<\/strong>: BCN GESTIO EMPRESARIAL, SL<\/li>\n<li><strong>Domicilio<\/strong>: PASSEIG JOAN MIRO 10 LOCAL 3, 08222 TERRASSA (BARCELONA)<\/li>\n<li><strong>NIF<\/strong>: B66681362<\/li>\n<li><strong>Email<\/strong>: elena.sanchez@bcngestioempresarial.com<\/li>\n<\/ul>\n<p><strong>FINALIDADES DEL TRATAMIENTO DE SUS DATOS PERSONALES<\/strong><\/p>\n<p>Sus datos personales se utilizar\u00e1n con la finalidad gen\u00e9rica de gesti\u00f3n y control de la relaci\u00f3n comercial establecida entre el usuario y el responsable del tratamiento, y espec\u00edficamente para:<\/p>\n<ul>\n<li>Gestionar el acceso completo y la utilizaci\u00f3n correcta de los servicios y\/o productos por parte de los usuarios.<\/li>\n<li>Para comunicarse con los usuarios en respuesta a incidencias, solicitudes, comentarios y preguntas que nos realice a trav\u00e9s de los servicios y\/o productos, as\u00ed como a los formularios de contacto de nuestra p\u00e1gina web (incluidos correos electr\u00f3nicos y\/o las llamadas telef\u00f3nicas).<\/li>\n<li>Para proporcionar, actualizar, mantener y proteger los servicios y\/o productos y actividades.<\/li>\n<li>Para ofrecer nuevos servicios y\/o productos, ofertas especiales o actualizaciones.<\/li>\n<li>En su caso, gestionar procesos de selecci\u00f3n de personal en procesos selectivos de trabajadores y\/o colaboradores.<\/li>\n<li>Comunicaciones: Podremos enviarle correos electr\u00f3nicos, mensajes y otros tipos de comunicaci\u00f3n en referencia a los servicios y\/o productos, cuestiones t\u00e9cnicas y cambios en los mismos. Estas comunicaciones se consideran parte de los servicios y\/o productos y no puede renunciar a ellas.<\/li>\n<li>En su caso, comunicaciones comerciales (marketing): Podremos utilizar sus datos personales para contactarle, tanto por v\u00eda electr\u00f3nica como no electr\u00f3nica, para realizar encuestas, obtener su opini\u00f3n sobre el servicio prestado, y, ocasionalmente, para notificarle cambios, desarrollos importantes de los servicios y\/o productos, ofertas y\/o promociones de nuestros servicios y\/o productos o de terceras empresas relacionadas con nosotros. Estas ofertas comerciales ser\u00e1n, en todo caso, autorizadas de forma expresa y separada por el usuario que, puede revocar en cualquier momento su consentimiento a recibir estas notificaciones utilizando el mecanismo implementado al efecto en las mismas, o bien, desde las preferencias de la cuenta de cliente.<\/li>\n<\/ul>\n<p>No trataremos sus datos personales para ninguna otra finalidad m\u00e1s all\u00e1 de las descritas anteriormente, salvo que venga impuesto por ley o exista alg\u00fan requerimiento judicial y\/o administrativo que implique un tratamiento de datos con finalidades distintas a las expuestas.<\/p>\n<p><strong>\u00a0<\/strong><strong>PLAZO DE CONSERVACI\u00d3N<\/strong><\/p>\n<p>Los datos personales proporcionados se conservar\u00e1n y tratar\u00e1n mientras se mantenga la relaci\u00f3n de prestaci\u00f3n de servicios y\/o productos, sin perjuicio de la posibilidad de ejercitar sus derechos en materia de protecci\u00f3n de datos (acceso, rectificaci\u00f3n, supresi\u00f3n, oposici\u00f3n, limitaci\u00f3n, portabilidad y a no ser objeto de decisiones individuales automatizadas).<\/p>\n<p>Los datos personales de las personas interesadas en la recepci\u00f3n de informaci\u00f3n sobre los servicios y\/o productos se mantendr\u00e1n en el sistema de forma indefinida en tanto el interesado no solicite su supresi\u00f3n.<\/p>\n<p><strong>LEGITIMACI\u00d3N DEL TRATAMIENTO<\/strong><\/p>\n<p>BCN GESTIO EMPRESARIAL, SL trata sus datos personales de acuerdo con las dos siguientes bases legales: <strong>Consentimiento del interesado<\/strong> (1) y <strong>el inter\u00e9s leg\u00edtimo<\/strong> (2).<\/p>\n<ol>\n<li><strong> El consentimiento del interesado<\/strong> prestado para las finalidades anteriormente descritas, que se solicitar\u00e1:<\/li>\n<\/ol>\n<ul>\n<li>Antes de proceder a tratar sus datos,<\/li>\n<li>En el proceso de registro como cliente o,<\/li>\n<li>En el momento de enviar comunicaciones de BCN GESTIO EMPRESARIAL, SL<\/li>\n<\/ul>\n<p>Las solicitudes de informaci\u00f3n que nos haga llegar requieren que el interesado nos facilite de forma voluntaria los datos necesarios para poder atenderle o prestarle los servicios y\/o productos. No obstante, el interesado puede libremente negarse a facilitarnos esos datos o, posteriormente, revocar el consentimiento previamente otorgado para tratar sus datos, si bien esa negativa implicar\u00e1 la imposibilidad de que podamos atender su petici\u00f3n.<\/p>\n<ol start=\"2\">\n<li><strong> El Inter\u00e9s leg\u00edtimo<\/strong> de BCN GESTIO EMPRESARIAL, SL en mantener y fidelizar a sus clientes y\/o usuarios y atender mejor sus expectativas o intereses previamente manifestados, por ejemplo: mejorar los productos y\/o servicios ofrecidos, gestionar solicitudes, consultas o reclamaciones, ofrecer productos similares a los contratados, informar sobre promociones y descuentos vigentes, entre otros. Todo lo indicado anteriormente se entender\u00e1 sin perjuicio del cumplimiento por parte de BCN GESTIO EMPRESARIAL, SL del resto de obligaciones relativas al env\u00edo de comunicaciones comerciales por v\u00eda electr\u00f3nica.<\/li>\n<\/ol>\n<p>BCN GESTIO EMPRESARIAL, SL entiende que, al facilitarnos sus datos personales, el interesado garantiza y se hace responsable de la veracidad, actualidad y exactitud de los mismos, y que acepta y consiente expresamente en su tratamiento para las finalidades antes descritas.<\/p>\n<p><strong>DESTINATARIOS DE CESIONES O TRANSFERENCIAS INTERNACIONALES<\/strong>.<\/p>\n<p>Con car\u00e1cter general, BCN GESTIO EMPRESARIAL, SL no ceder\u00e1 sus datos personales a terceros salvo que estemos obligados legalmente a ello o usted nos lo haya autorizado expresamente al hacer uso de nuestros servicios y\/o productos.<\/p>\n<p>BCN GESTIO EMPRESARIAL, SL no realizar\u00e1 transferencias internacionales de los datos personales recabados a trav\u00e9s de este sitio web, con excepci\u00f3n de los siguientes supuestos:<\/p>\n<ul>\n<li>Que la transferencia internacional de datos sea necesaria para la ejecuci\u00f3n de un contrato o medidas precontractuales en las que el interesado sea parte.<\/li>\n<li>Que la transferencia internacional de datos sea necesaria por aplicaci\u00f3n de la legislaci\u00f3n vigente.<\/li>\n<li>Que la transferencia internacional de datos tenga lugar por mediar consentimiento expreso del interesado.<\/li>\n<li>Que la transferencia internacional de datos tenga lugar por encontrarse alojada la p\u00e1gina web en servidores ubicados fuera del Espacio Econ\u00f3mico Europeo.<\/li>\n<\/ul>\n<p>En todo caso, en los supuestos en los que pueda tener lugar transferencias internacionales de datos, BCN GESTIO EMPRESARIAL, SL comprobar\u00e1 que el pa\u00eds importador de datos garantice un nivel adecuado de protecci\u00f3n en aplicaci\u00f3n de la normativa vigente.<\/p>\n<p><strong>\u00a0<\/strong><strong>DERECHOS DE LAS PERSONAS INTERESADAS<\/strong>.<\/p>\n<p>La normativa de protecci\u00f3n de datos permite que puedas ejercer ante el responsable del tratamiento tus derechos de acceso, rectificaci\u00f3n, oposici\u00f3n, supresi\u00f3n (\u201cderecho al olvido\u201d), limitaci\u00f3n del tratamiento, portabilidad y de no ser objeto de decisiones individualizadas. A continuaci\u00f3n, te explicamos en qu\u00e9 consisten estos derechos:<\/p>\n<ul>\n<li><strong>Derecho de acceso:<\/strong> Permite al interesado conocer y obtener informaci\u00f3n sobre sus datos de car\u00e1cter personal sometidos a tratamiento.<\/li>\n<li><strong>Derecho de rectificaci\u00f3n:<\/strong> Permite corregir errores, modificar los datos que resulten ser inexactos o incompletos y garantizar la certeza de sus datos personales.<\/li>\n<li><strong>Derecho de supresi\u00f3n:<\/strong> Permite solicitar la eliminaci\u00f3n de sus datos personales cuando ya no sean necesarios para la ejecuci\u00f3n o prestaci\u00f3n del servicio.<\/li>\n<li><strong>Derecho de oposici\u00f3n:<\/strong> Permite al interesado que no se lleve a cabo el tratamiento de sus datos de car\u00e1cter personal o su cese, salvo motivos leg\u00edtimos o para el ejercicio o defensa de posibles reclamaciones, en cuyo caso los mantendremos bloqueados durante el plazo correspondiente.<\/li>\n<li><strong>Derecho de oposici\u00f3n al env\u00edo de publicidad:<\/strong> Los interesados podr\u00e1n oponerse al env\u00edo de comunicaciones comerciales. En ese caso puede revocar en cualquier momento su consentimiento a recibir estas notificaciones.<\/li>\n<li><strong>Limitaci\u00f3n del tratamiento:<\/strong> En determinadas circunstancias, los interesados podr\u00e1n solicitar la limitaci\u00f3n del tratamiento de sus datos, en cuyo caso \u00fanicamente se conservar\u00e1n para el ejercicio o defensa de reclamaciones.<\/li>\n<li><strong>Portabilidad de los datos:<\/strong> Las personas interesadas pueden solicitar recibir los datos que le incumban y que nos haya facilitado o que \u2013siempre que t\u00e9cnicamente sea posible\u2013 se los enviemos a otro responsable de tratamiento de su elecci\u00f3n, en un formato estructurado de uso com\u00fan y lectura mec\u00e1nica.<\/li>\n<li><strong>Derecho a no ser objeto de decisiones individuales automatizadas (incluida la elaboraci\u00f3n de perfiles):<\/strong> Las personas interesadas tienen derecho a no ser objeto de una decisi\u00f3n basada en el tratamiento automatizado que produzca efectos jur\u00eddicos o afecte significativamente al interesado.<\/li>\n<li><strong>Posibilidad de retirar el consentimiento:<\/strong> El interesado tiene derecho a retirar en cualquier momento el consentimiento prestado, sin que ello afecte a la licitud del tratamiento basado en el consentimiento prestado en el momento de facilitarnos sus datos.<\/li>\n<\/ul>\n<p>Si desea ejercer alguno de los derechos expuestos, rogamos que se ponga en contacto con nosotros a trav\u00e9s de los datos de contacto que aparecen en \u201cIdentificaci\u00f3n del responsable del tratamiento de los datos personales\u201d, en el que incluya la siguiente informaci\u00f3n:\u00a0 Nombre y apellidos, n\u00famero de DNI, direcci\u00f3n postal y\/o electr\u00f3nica de contacto, indicando el tipo de derecho y especificando las condiciones del mismo. Es posible que le pidamos informaci\u00f3n adicional con la finalidad de verificar su identidad.<\/p>\n<p><strong>Posibilidad de reclamar ante la Autoridad de Control:<\/strong> BCN GESTIO EMPRESARIAL, SL le informa igualmente del derecho que le asiste de presentar una reclamaci\u00f3n ante la Agencia Espa\u00f1ola de Protecci\u00f3n de Datos (www.agpd.es) si considera que el tratamiento no se ajusta a la normativa vigente.<\/p>\n<p><strong>INFORMACI\u00d3N ADICIONAL<\/strong><\/p>\n<p><strong>Menores<\/strong><\/p>\n<p>BCN GESTIO EMPRESARIAL, SL recomienda el uso de esta p\u00e1gina web a mayores de 18 a\u00f1os. Si acceden menores de 14 a\u00f1os, ser\u00e1 necesario el consentimiento de los padres, tutores o representantes legales del menor para poder realizarse el tratamiento de sus datos personales. Los padres, tutores o representantes legales del menor ser\u00e1n los \u00fanicos responsables en relaci\u00f3n a los contenidos a los que el menor pudieran tener acceso al visitar nuestra p\u00e1gina web.<\/p>\n<p><strong>Redes sociales<\/strong><\/p>\n<p>Es posible que BCN GESTIO EMPRESARIAL, SL disponga de perfiles en las distintas redes sociales. Tambi\u00e9n es posible que el usuario pueda acceder a los espacios privados que pudieran existir en esta p\u00e1gina web a trav\u00e9s de sus cuentas en redes sociales, en lugar de acceder con un usuario y contrase\u00f1a. En estos supuestos, de informa a los usuarios que proporcionen sus datos personales con la informaci\u00f3n disponible a trav\u00e9s de su cuenta y\/o perfil de usuario en las redes sociales, que \u00e9sta es la responsable del tratamiento de los tratamientos de datos que se realicen, salvo que expresamente se informe de otras condiciones en un tratamiento concreto.<\/p>\n<p><strong>\u00a0<\/strong><strong>Conservaci\u00f3n de determinados datos<\/strong><\/p>\n<p>BCN GESTIO EMPRESARIAL, SL informa que, en cumplimiento de las disposiciones de la Ley 25\/2007, de 18 de octubre, de conservaci\u00f3n de datos relativos a las comunicaciones electr\u00f3nicas y a las redes p\u00fablicas de comunicaciones, deber\u00e1 retener y conservar determinados datos de tr\u00e1fico generados durante el desarrollo de las comunicaciones con la finalidad de cederlos a las autoridades legitimadas, cuando concurran las circunstancias legales en ella previstas.<\/p>\n<p><strong>Datos registrados<\/strong><\/p>\n<p>Nuestros servidores recopilan informaci\u00f3n de manera autom\u00e1tica cuando el usuario utiliza los servicios de las webs. Estos datos de registro pueden incluir la direcci\u00f3n IP, la identificaci\u00f3n del dispositivo desde el que se accede a los productos, el sistema operativo, y la configuraci\u00f3n del dispositivo, entre otros.<\/p>\n<p><strong>Medidas de seguridad<\/strong><\/p>\n<p>Adem\u00e1s, se\u00a0le informa que el titular del sitio web (responsable del tratamiento) tiene implantadas las medidas de seguridad de \u00edndole t\u00e9cnica y organizativas necesarias para garantizar la seguridad de sus datos de car\u00e1cter personal y evitar su alteraci\u00f3n, p\u00e9rdida y tratamiento y\/o acceso no autorizado, habida cuenta del estado de la tecnolog\u00eda, la naturaleza de los datos almacenados y los riesgos a que est\u00e1n expuestos, ya provengan de la acci\u00f3n humana o del medio f\u00edsico o natural.\u00a0Asimismo,\u00a0se ha establecido medidas adicionales en orden a reforzar la confidencialidad e integridad de la informaci\u00f3n en su organizaci\u00f3n, manteniendo continuamente la supervisi\u00f3n, control y evaluaci\u00f3n de los procesos para asegurar el respeto a la privacidad de los datos.<\/p>\n<p><strong>Cookies<\/strong><\/p>\n<p>Nuestra p\u00e1gina web utiliza cookies propias y de terceros. Podr\u00e1s encontrar toda la informaci\u00f3n detallada relativa a las cookies en nuestra Pol\u00edtica de cookies.<\/p>\n<\/div><\/div><\/div><style type=\"text\/css\">.fusion-body .fusion-builder-column-0{width:100% !important;margin-top : 0px;margin-bottom : 20px;}.fusion-builder-column-0 > .fusion-column-wrapper {padding-top : 0px !important;padding-right : 0px !important;margin-right : 1.92%;padding-bottom : 0px !important;padding-left : 0px !important;margin-left : 1.92%;}@media only screen and (max-width:1024px) {.fusion-body .fusion-builder-column-0{width:100% !important;order : 0;}.fusion-builder-column-0 > .fusion-column-wrapper {margin-right : 1.92%;margin-left : 1.92%;}}@media only screen and (max-width:640px) {.fusion-body .fusion-builder-column-0{width:100% !important;order : 0;}.fusion-builder-column-0 > .fusion-column-wrapper {margin-right : 1.92%;margin-left : 1.92%;}}<\/style><\/div><style type=\"text\/css\">.fusion-body .fusion-flex-container.fusion-builder-row-1{ padding-top : 0px;margin-top : 0px;padding-right : 0px;padding-bottom : 0px;margin-bottom : 0px;padding-left : 0px;}<\/style><\/div>\n","protected":false},"excerpt":{"rendered":"","protected":false},"author":9,"featured_media":0,"parent":0,"menu_order":0,"comment_status":"closed","ping_status":"closed","template":"","meta":[],"_links":{"self":[{"href":"https:\/\/bcngestioempresarial.com\/ca\/wp-json\/wp\/v2\/pages\/959"}],"collection":[{"href":"https:\/\/bcngestioempresarial.com\/ca\/wp-json\/wp\/v2\/pages"}],"about":[{"href":"https:\/\/bcngestioempresarial.com\/ca\/wp-json\/wp\/v2\/types\/page"}],"author":[{"embeddable":true,"href":"https:\/\/bcngestioempresarial.com\/ca\/wp-json\/wp\/v2\/users\/9"}],"replies":[{"embeddable":true,"href":"https:\/\/bcngestioempresarial.com\/ca\/wp-json\/wp\/v2\/comments?post=959"}],"version-history":[{"count":1,"href":"https:\/\/bcngestioempresarial.com\/ca\/wp-json\/wp\/v2\/pages\/959\/revisions"}],"predecessor-version":[{"id":961,"href":"https:\/\/bcngestioempresarial.com\/ca\/wp-json\/wp\/v2\/pages\/959\/revisions\/961"}],"wp:attachment":[{"href":"https:\/\/bcngestioempresarial.com\/ca\/wp-json\/wp\/v2\/media?parent=959"}],"curies":[{"name":"wp","href":"https:\/\/api.w.org\/{rel}","templated":true}]}}