{"id":953,"date":"2020-11-20T12:31:59","date_gmt":"2020-11-20T12:31:59","guid":{"rendered":"http:\/\/bcngestioempresarial.com\/otros\/"},"modified":"2021-05-25T08:51:52","modified_gmt":"2021-05-25T08:51:52","slug":"altres","status":"publish","type":"page","link":"https:\/\/bcngestioempresarial.com\/ca\/altres\/","title":{"rendered":"ALTRES"},"content":{"rendered":"<div class=\"fusion-fullwidth fullwidth-box fusion-builder-row-1 fusion-flex-container nonhundred-percent-fullwidth non-hundred-percent-height-scrolling\" style=\"background-color: rgba(255,255,255,0);background-position: center center;background-repeat: no-repeat;border-width: 0px 0px 0px 0px;border-color:#e2e2e2;border-style:solid;\" ><div class=\"fusion-builder-row fusion-row fusion-flex-align-items-flex-start\" style=\"max-width:1248px;margin-left: calc(-4% \/ 2 );margin-right: calc(-4% \/ 2 );\"><div class=\"fusion-layout-column fusion_builder_column fusion-builder-column-0 fusion_builder_column_1_1 1_1 fusion-flex-column\"><div class=\"fusion-column-wrapper fusion-flex-justify-content-flex-start fusion-content-layout-column\" style=\"background-position:left top;background-repeat:no-repeat;-webkit-background-size:cover;-moz-background-size:cover;-o-background-size:cover;background-size:cover;padding: 0px 0px 0px 0px;\"><div class=\"fusion-text fusion-text-1\" style=\"transform:translate3d(0,0,0);\"><h1 style=\"text-align: center;\">Altres<\/h1>\n<\/div><\/div><\/div><style type=\"text\/css\">.fusion-body .fusion-builder-column-0{width:100% !important;margin-top : 0px;margin-bottom : 0px;}.fusion-builder-column-0 > .fusion-column-wrapper {padding-top : 0px !important;padding-right : 0px !important;margin-right : 1.92%;padding-bottom : 0px !important;padding-left : 0px !important;margin-left : 1.92%;}@media only screen and (max-width:1024px) {.fusion-body .fusion-builder-column-0{width:100% !important;order : 0;}.fusion-builder-column-0 > .fusion-column-wrapper {margin-right : 1.92%;margin-left : 1.92%;}}@media only screen and (max-width:640px) {.fusion-body .fusion-builder-column-0{width:100% !important;order : 0;}.fusion-builder-column-0 > .fusion-column-wrapper {margin-right : 1.92%;margin-left : 1.92%;}}<\/style><div class=\"fusion-layout-column fusion_builder_column fusion-builder-column-1 fusion_builder_column_1_2 1_2 fusion-flex-column\"><div class=\"fusion-column-wrapper fusion-flex-justify-content-flex-start fusion-content-layout-column\" style=\"background-position:left top;background-repeat:no-repeat;-webkit-background-size:cover;-moz-background-size:cover;-o-background-size:cover;background-size:cover;padding: 0px 0px 0px 0px;\"><div style=\"text-align:center;\"><span class=\" fusion-imageframe imageframe-none imageframe-1 hover-type-none\"><img decoding=\"async\" width=\"1484\" height=\"1170\" title=\"altres\" src=\"https:\/\/bcngestioempresarial.com\/wp-content\/uploads\/2020\/11\/altres.png\" class=\"img-responsive wp-image-816\" srcset=\"https:\/\/bcngestioempresarial.com\/wp-content\/uploads\/2020\/11\/altres-200x158.png 200w, https:\/\/bcngestioempresarial.com\/wp-content\/uploads\/2020\/11\/altres-400x315.png 400w, https:\/\/bcngestioempresarial.com\/wp-content\/uploads\/2020\/11\/altres-600x473.png 600w, https:\/\/bcngestioempresarial.com\/wp-content\/uploads\/2020\/11\/altres-800x631.png 800w, https:\/\/bcngestioempresarial.com\/wp-content\/uploads\/2020\/11\/altres-1200x946.png 1200w, https:\/\/bcngestioempresarial.com\/wp-content\/uploads\/2020\/11\/altres.png 1484w\" sizes=\"(max-width: 640px) 100vw, 600px\" \/><\/span><\/div><\/div><\/div><style type=\"text\/css\">.fusion-body .fusion-builder-column-1{width:50% !important;margin-top : 0px;margin-bottom : 20px;}.fusion-builder-column-1 > .fusion-column-wrapper {padding-top : 0px !important;padding-right : 0px !important;margin-right : 3.84%;padding-bottom : 0px !important;padding-left : 0px !important;margin-left : 3.84%;}@media only screen and (max-width:1024px) {.fusion-body .fusion-builder-column-1{width:50% !important;order : 0;}.fusion-builder-column-1 > .fusion-column-wrapper {margin-right : 3.84%;margin-left : 3.84%;}}@media only screen and (max-width:640px) {.fusion-body .fusion-builder-column-1{width:100% !important;order : 0;}.fusion-builder-column-1 > .fusion-column-wrapper {margin-right : 1.92%;margin-left : 1.92%;}}<\/style><div class=\"fusion-layout-column fusion_builder_column fusion-builder-column-2 fusion_builder_column_1_2 1_2 fusion-flex-column\"><div class=\"fusion-column-wrapper fusion-flex-justify-content-flex-start fusion-content-layout-column\" style=\"background-position:left top;background-repeat:no-repeat;-webkit-background-size:cover;-moz-background-size:cover;-o-background-size:cover;background-size:cover;padding: 0px 0px 0px 0px;\"><div class=\"fusion-text fusion-text-2\" style=\"transform:translate3d(0,0,0);\"><p>A BCN Gesti\u00f3 Empresarial apostem per un servei que integri tots els \u00e0mbits que la vida empresarial pugui requerir i, per aix\u00f2 comptem amb la col\u00b7laboraci\u00f3 de professionals de prevenci\u00f3 de riscos, protecci\u00f3 de dades, auditoria, gesti\u00f3 administrativa, assegurances i enginyeria que li donaran soluci\u00f3 a qualsevol necessitat.<\/p>\n<\/div><\/div><\/div><style type=\"text\/css\">.fusion-body .fusion-builder-column-2{width:50% !important;margin-top : 0px;margin-bottom : 20px;}.fusion-builder-column-2 > .fusion-column-wrapper {padding-top : 0px !important;padding-right : 0px !important;margin-right : 3.84%;padding-bottom : 0px !important;padding-left : 0px !important;margin-left : 3.84%;}@media only screen and (max-width:1024px) {.fusion-body .fusion-builder-column-2{width:50% !important;order : 0;}.fusion-builder-column-2 > .fusion-column-wrapper {margin-right : 3.84%;margin-left : 3.84%;}}@media only screen and (max-width:640px) {.fusion-body .fusion-builder-column-2{width:100% !important;order : 0;}.fusion-builder-column-2 > .fusion-column-wrapper {margin-right : 1.92%;margin-left : 1.92%;}}<\/style><\/div><style type=\"text\/css\">.fusion-body .fusion-flex-container.fusion-builder-row-1{ padding-top : 0px;margin-top : 0px;padding-right : 0px;padding-bottom : 0px;margin-bottom : 0px;padding-left : 0px;}<\/style><\/div>\n","protected":false},"excerpt":{"rendered":"","protected":false},"author":9,"featured_media":0,"parent":0,"menu_order":0,"comment_status":"closed","ping_status":"closed","template":"","meta":[],"_links":{"self":[{"href":"https:\/\/bcngestioempresarial.com\/ca\/wp-json\/wp\/v2\/pages\/953"}],"collection":[{"href":"https:\/\/bcngestioempresarial.com\/ca\/wp-json\/wp\/v2\/pages"}],"about":[{"href":"https:\/\/bcngestioempresarial.com\/ca\/wp-json\/wp\/v2\/types\/page"}],"author":[{"embeddable":true,"href":"https:\/\/bcngestioempresarial.com\/ca\/wp-json\/wp\/v2\/users\/9"}],"replies":[{"embeddable":true,"href":"https:\/\/bcngestioempresarial.com\/ca\/wp-json\/wp\/v2\/comments?post=953"}],"version-history":[{"count":4,"href":"https:\/\/bcngestioempresarial.com\/ca\/wp-json\/wp\/v2\/pages\/953\/revisions"}],"predecessor-version":[{"id":988,"href":"https:\/\/bcngestioempresarial.com\/ca\/wp-json\/wp\/v2\/pages\/953\/revisions\/988"}],"wp:attachment":[{"href":"https:\/\/bcngestioempresarial.com\/ca\/wp-json\/wp\/v2\/media?parent=953"}],"curies":[{"name":"wp","href":"https:\/\/api.w.org\/{rel}","templated":true}]}}