{"id":936,"date":"2020-11-20T11:35:14","date_gmt":"2020-11-20T11:35:14","guid":{"rendered":"http:\/\/bcngestioempresarial.com\/empresa\/"},"modified":"2021-05-24T13:25:32","modified_gmt":"2021-05-24T13:25:32","slug":"empresa","status":"publish","type":"page","link":"https:\/\/bcngestioempresarial.com\/ca\/","title":{"rendered":"Empresa"},"content":{"rendered":"<p><div class=\"fusion-fullwidth fullwidth-box fusion-builder-row-1 fusion-flex-container hundred-percent-fullwidth non-hundred-percent-height-scrolling\" style=\"background-color: rgba(255,255,255,0);background-position: center center;background-repeat: no-repeat;border-width: 0px 0px 0px 0px;border-color:#e2e2e2;border-style:solid;\" ><div class=\"fusion-builder-row fusion-row fusion-flex-align-items-flex-start\" style=\"width:104% !important;max-width:104% !important;margin-left: calc(-4% \/ 2 );margin-right: calc(-4% \/ 2 );\"><div class=\"fusion-layout-column fusion_builder_column fusion-builder-column-0 fusion_builder_column_1_1 1_1 fusion-flex-column\"><div class=\"fusion-column-wrapper fusion-flex-justify-content-flex-start fusion-content-layout-column\" style=\"background-position:left top;background-repeat:no-repeat;-webkit-background-size:cover;-moz-background-size:cover;-o-background-size:cover;background-size:cover;padding: 0px 0px 0px 0px;\"><div class=\"fusion-builder-row fusion-builder-row-inner fusion-row fusion-flex-align-items-flex-start\" style=\"width:104% !important;max-width:104% !important;margin-left: calc(-4% \/ 2 );margin-right: calc(-4% \/ 2 );\"><div class=\"fusion-layout-column fusion_builder_column_inner fusion-builder-nested-column-0 fusion_builder_column_inner_1_1 1_1 fusion-flex-column\"><div class=\"fusion-column-wrapper fusion-flex-justify-content-flex-start fusion-content-layout-column\" style=\"background-image: url(&#039;https:\/\/bcngestioempresarial.com\/wp-content\/uploads\/2020\/11\/banner1.jpg&#039;);background-position:left top;background-repeat:no-repeat;-webkit-background-size:cover;-moz-background-size:cover;-o-background-size:cover;background-size:cover;padding: 200px 0px 200px 0px;\" data-bg-url=\"https:\/\/bcngestioempresarial.com\/wp-content\/uploads\/2020\/11\/banner1.jpg\"><div class=\"fusion-text fusion-text-1\" style=\"transform:translate3d(0,0,0);\"><h1 style=\"text-align: center;\"><span style=\"color: #ffffff;\">EMPRESA<\/span><\/h1>\n<\/div><\/div><\/div><style type=\"text\/css\">.fusion-body .fusion-builder-nested-column-0{width:100% !important;margin-top : 0px;margin-bottom : 0px;}.fusion-builder-nested-column-0 > .fusion-column-wrapper {padding-top : 200 !important;padding-right : 0px !important;margin-right : 1.92%;padding-bottom : 200 !important;padding-left : 0px !important;margin-left : 1.92%;}@media only screen and (max-width:1024px) {.fusion-body .fusion-builder-nested-column-0{width:100% !important;order : 0;}.fusion-builder-nested-column-0 > .fusion-column-wrapper {margin-right : 1.92%;margin-left : 1.92%;}}@media only screen and (max-width:640px) {.fusion-body .fusion-builder-nested-column-0{width:100% !important;order : 0;}.fusion-builder-nested-column-0 > .fusion-column-wrapper {margin-right : 1.92%;margin-left : 1.92%;}}<\/style><\/div><\/div><\/div><style type=\"text\/css\">.fusion-body .fusion-builder-column-0{width:100% !important;margin-top : 0px;margin-bottom : 20px;}.fusion-builder-column-0 > .fusion-column-wrapper {padding-top : 0px !important;padding-right : 0px !important;margin-right : 1.92%;padding-bottom : 0px !important;padding-left : 0px !important;margin-left : 1.92%;}@media only screen and (max-width:1024px) {.fusion-body .fusion-builder-column-0{width:100% !important;order : 0;}.fusion-builder-column-0 > .fusion-column-wrapper {margin-right : 1.92%;margin-left : 1.92%;}}@media only screen and (max-width:640px) {.fusion-body .fusion-builder-column-0{width:100% !important;order : 0;}.fusion-builder-column-0 > .fusion-column-wrapper {margin-right : 1.92%;margin-left : 1.92%;}}<\/style><\/div><style type=\"text\/css\">.fusion-body .fusion-flex-container.fusion-builder-row-1{ padding-top : 0px;margin-top : 0;padding-right : 0px;padding-bottom : 0px;margin-bottom : 0;padding-left : 0px;}<\/style><\/div><div class=\"fusion-fullwidth fullwidth-box fusion-builder-row-2 fusion-flex-container nonhundred-percent-fullwidth non-hundred-percent-height-scrolling\" style=\"background-color: rgba(255,255,255,0);background-position: center center;background-repeat: no-repeat;border-width: 0px 0px 0px 0px;border-color:#e2e2e2;border-style:solid;\" ><div class=\"fusion-builder-row fusion-row fusion-flex-align-items-flex-start\" style=\"max-width:1248px;margin-left: calc(-4% \/ 2 );margin-right: calc(-4% \/ 2 );\"><div class=\"fusion-layout-column fusion_builder_column fusion-builder-column-1 fusion_builder_column_1_1 1_1 fusion-flex-column\"><div class=\"fusion-column-wrapper fusion-flex-justify-content-flex-start fusion-content-layout-column\" style=\"background-position:left top;background-repeat:no-repeat;-webkit-background-size:cover;-moz-background-size:cover;-o-background-size:cover;background-size:cover;padding: 0px 0px 0px 0px;\"><div class=\"fusion-text fusion-text-2\" style=\"transform:translate3d(0,0,0);\"><p><strong>PRESENTACI\u00d3<\/strong><\/p>\n<p>A BCN Gesti\u00f3 Empresarial ens especialitzem a l\u2019assessorament tant a empreses com a aut\u00f2noms, des d&#8217;un punt de vista global de les necessitats de cada client, adaptant-nos a les seves particularitats, mitjan\u00e7ant una comunicaci\u00f3 directa i personalitzada.<\/p>\n<p>Els habituals canvis de legislaci\u00f3 i un mercat sempre variable, fan que els emprenedors hagin d&#8217;estar en un proc\u00e9s constant d&#8217;adaptaci\u00f3. A BCN Gesti\u00f3 Empresarial comptem amb professionals en els \u00e0mbits, Fiscal, Comptable, Laboral, Mercantil i Jur\u00eddic, que respondran als seus dubtes i necessitats donant compliment a les seves obligacions, sempre amb l&#8217;objectiu d&#8217;optimitzar els seus costos.<\/p>\n<p>Per tal d&#8217;oferir un assessorament integral, BCN Gesti\u00f3 Empresarial, SL s&#8217;encarregar\u00e0 de tot l&#8217;\u00e0mbit legal de la seva empresa, perqu\u00e8 vost\u00e8 es dediqui \u00edntegrament al seu negoci i pel que comptem amb col\u00b7laboradors especialitzats en la resta d\u2019\u00e0rees que qualsevol professional pugui necessitar en algun moment, com enginyeria, auditoria, protecci\u00f3 de dades, prevenci\u00f3 de riscos, gesti\u00f3 administrativa i intermediaci\u00f3 d&#8217;assegurances.<\/p>\n<\/div><\/div><\/div><style type=\"text\/css\">.fusion-body .fusion-builder-column-1{width:100% !important;margin-top : 0px;margin-bottom : 0px;}.fusion-builder-column-1 > .fusion-column-wrapper {padding-top : 0 !important;padding-right : 0px !important;margin-right : 1.92%;padding-bottom : 0 !important;padding-left : 0px !important;margin-left : 1.92%;}@media only screen and (max-width:1024px) {.fusion-body .fusion-builder-column-1{width:100% !important;order : 0;}.fusion-builder-column-1 > .fusion-column-wrapper {margin-right : 1.92%;margin-left : 1.92%;}}@media only screen and (max-width:640px) {.fusion-body .fusion-builder-column-1{width:100% !important;order : 0;}.fusion-builder-column-1 > .fusion-column-wrapper {margin-right : 1.92%;margin-left : 1.92%;}}<\/style><\/div><style type=\"text\/css\">.fusion-body .fusion-flex-container.fusion-builder-row-2{ padding-top : 40px;margin-top : 0;padding-right : 0px;padding-bottom : 40px;margin-bottom : 0;padding-left : 0px;}<\/style><\/div><\/p>\n","protected":false},"excerpt":{"rendered":"","protected":false},"author":9,"featured_media":0,"parent":0,"menu_order":0,"comment_status":"closed","ping_status":"closed","template":"100-width.php","meta":[],"_links":{"self":[{"href":"https:\/\/bcngestioempresarial.com\/ca\/wp-json\/wp\/v2\/pages\/936"}],"collection":[{"href":"https:\/\/bcngestioempresarial.com\/ca\/wp-json\/wp\/v2\/pages"}],"about":[{"href":"https:\/\/bcngestioempresarial.com\/ca\/wp-json\/wp\/v2\/types\/page"}],"author":[{"embeddable":true,"href":"https:\/\/bcngestioempresarial.com\/ca\/wp-json\/wp\/v2\/users\/9"}],"replies":[{"embeddable":true,"href":"https:\/\/bcngestioempresarial.com\/ca\/wp-json\/wp\/v2\/comments?post=936"}],"version-history":[{"count":2,"href":"https:\/\/bcngestioempresarial.com\/ca\/wp-json\/wp\/v2\/pages\/936\/revisions"}],"predecessor-version":[{"id":969,"href":"https:\/\/bcngestioempresarial.com\/ca\/wp-json\/wp\/v2\/pages\/936\/revisions\/969"}],"wp:attachment":[{"href":"https:\/\/bcngestioempresarial.com\/ca\/wp-json\/wp\/v2\/media?parent=936"}],"curies":[{"name":"wp","href":"https:\/\/api.w.org\/{rel}","templated":true}]}}