{"id":928,"date":"2020-12-23T06:57:08","date_gmt":"2020-12-23T06:57:08","guid":{"rendered":"http:\/\/bcngestioempresarial.com\/aviso-legal\/"},"modified":"2021-05-14T15:53:10","modified_gmt":"2021-05-14T15:53:10","slug":"aviso-legal","status":"publish","type":"page","link":"https:\/\/bcngestioempresarial.com\/ca\/aviso-legal\/","title":{"rendered":"Aviso legal"},"content":{"rendered":"<div class=\"fusion-fullwidth fullwidth-box fusion-builder-row-1 fusion-flex-container nonhundred-percent-fullwidth non-hundred-percent-height-scrolling\" style=\"background-color: rgba(255,255,255,0);background-position: center center;background-repeat: no-repeat;border-width: 0px 0px 0px 0px;border-color:#e2e2e2;border-style:solid;\" ><div class=\"fusion-builder-row fusion-row fusion-flex-align-items-flex-start\" style=\"max-width:1248px;margin-left: calc(-4% \/ 2 );margin-right: calc(-4% \/ 2 );\"><div class=\"fusion-layout-column fusion_builder_column fusion-builder-column-0 fusion_builder_column_1_1 1_1 fusion-flex-column\"><div class=\"fusion-column-wrapper fusion-flex-justify-content-flex-start fusion-content-layout-column\" style=\"background-position:left top;background-repeat:no-repeat;-webkit-background-size:cover;-moz-background-size:cover;-o-background-size:cover;background-size:cover;padding: 0px 0px 0px 0px;\"><div class=\"fusion-text fusion-text-1\" style=\"transform:translate3d(0,0,0);\"><p>Con el fin de dar cumplimiento al art\u00edculo 10 de la Ley 34\/2002, de Servicios de la Sociedad de la Informaci\u00f3n y de comercio electr\u00f3nico (LSSI-CE), informamos a los usuarios de nuestros datos identificativos y de contacto:<\/p>\n<ul>\n<li><strong>Nombre o Denominaci\u00f3n social:<\/strong> BCN GESTIO EMPRESARIAL, SL<\/li>\n<li><strong>Domicilio social: <\/strong>PASSEIG JOAN MIRO 10 LOCAL 3, 08222 TERRASSA (BARCELONA)<\/li>\n<li><strong>NIF:<\/strong> B66681362<\/li>\n<li><strong>Tel\u00e9fono:<\/strong> 937314002<\/li>\n<li><strong>E-Mail:<\/strong>sanchez@bcngestioempresarial.com<\/li>\n<li><strong>Datos Registrales:<\/strong> Esta sociedad consta inscrita en el Registro Mercantil de Barcelona, Tomo 45.145, Folio 20, Hoja 478.216.<\/li>\n<\/ul>\n<p><strong>1.- OBJETO <\/strong><\/p>\n<p>BCN GESTIO EMPRESARIAL, SL (en adelante, el prestador), como responsable del sitio web www.bcngestioempresarial.com, pone a disposici\u00f3n de los usuarios el presente documento, el cual regula el uso del sitio web www.bcngestioempresarial.com, con el que pretendemos dar cumplimiento a las obligaciones que dispone la Ley 34\/2002, de Servicios de la Sociedad de la Informaci\u00f3n y comercio electr\u00f3nico, as\u00ed como informar a todos los usuarios respecto de cu\u00e1les son las condiciones de uso y navegaci\u00f3n de la p\u00e1gina web.<\/p>\n<p>A trav\u00e9s de este sitio web, BCN GESTIO EMPRESARIAL, SL facilita a los usuarios el acceso y utilizaci\u00f3n de los diferentes servicios y contenidos puestos a su disposici\u00f3n mediante esta p\u00e1gina web.<\/p>\n<p>Toda persona que acceda a esta p\u00e1gina web ser\u00e1 considerado usuario (en adelante, el usuario), e implica la aceptaci\u00f3n total y sin reservas de todas y cada una de las disposiciones incluidas en este Aviso legal, as\u00ed como a cualesquiera otras disposiciones legales que puedan resultar de aplicaci\u00f3n.<\/p>\n<p>El usuario deber\u00e1 leer atentamente el presente aviso legal, recomend\u00e1ndose su lectura antes de visitar la p\u00e1gina web, y cada vez que acceda a la misma, con la finalidad de leer y entender las modificaciones que el prestador hubiese podido realizar. En este sentido, el prestador se reserva el derecho de modificar las presentes condiciones, sin que exista la obligaci\u00f3n de preavisar o poner en conocimiento de los usuarios las modificaciones efectuadas, siendo suficiente la publicaci\u00f3n de las mismas en esta p\u00e1gina web. Es responsabilidad del usuario acceder peri\u00f3dicamente a estas condiciones, pues resultar\u00e1n de aplicaci\u00f3n las m\u00e1s recientes, dej\u00e1ndose sin efecto las condiciones previas.<\/p>\n<p><strong>2.- CONDICIONES DE ACCESO Y UTILIZACI\u00d3N DE LA P\u00c1GINA WEB<\/strong><\/p>\n<p>Mediante el presente aviso legal se informa a los usuarios de las condiciones que rigen el acceso y uso de la p\u00e1gina web, teniendo las mismas la consideraci\u00f3n de condiciones generales de la contrataci\u00f3n.<\/p>\n<p><strong>2.1. Car\u00e1cter gratuito del acceso y uso de la web.<\/strong><\/p>\n<p>La prestaci\u00f3n de los servicios por parte de BCN GESTIO EMPRESARIAL, SL en este sitio web tienen car\u00e1cter gratuito para todos los usuarios. No obstante, algunos de los servicios suministrados por el prestador a trav\u00e9s de esta p\u00e1gina web pueden estar sujetos al pago de un precio determinado. En este supuesto, siempre se informar\u00e1 al usuario del car\u00e1cter oneroso de determinados servicios, siendo necesaria su previa contrataci\u00f3n, y resultando de aplicaci\u00f3n las condiciones generales de venta que en su caso existieran en la p\u00e1gina web, as\u00ed como la normativa de consumo vigente en cada momento.<\/p>\n<p><strong>2.2. Registro de usuario.<\/strong><\/p>\n<p>Con car\u00e1cter general la prestaci\u00f3n de los servicios ofertados en esta p\u00e1gina web no exigen la previa suscripci\u00f3n o registro de los usuarios. Aun as\u00ed, es posible que el prestador condicione el uso de algunos servicios a la previa cumplimentaci\u00f3n del correspondiente registro de usuarios. Este registro se efectuar\u00e1 en la forma expresamente indicada en la propia secci\u00f3n del servicio. El tratamiento de datos personales del usuario que pueda tener lugar como consecuencia del registro o suscripci\u00f3n se regir\u00e1 por nuestra Pol\u00edtica de privacidad.<\/p>\n<p><strong>2.3. Veracidad de la informaci\u00f3n.<\/strong><\/p>\n<p>Toda la informaci\u00f3n que facilite el usuario a trav\u00e9s de esta p\u00e1gina web deber\u00e1 ser veraz. A estos efectos, el usuario garantiza la autenticidad de los datos comunicados a trav\u00e9s de los formularios de contacto habilitados. Ser\u00e1 responsabilidad del usuario mantener toda la informaci\u00f3n facilitada a BCN GESTIO EMPRESARIAL, SL permanentemente actualizada de forma que responda, en cada momento, a su situaci\u00f3n real. En todo caso, el usuario ser\u00e1 el \u00fanico responsable de las manifestaciones falsas o inexactas que realice y de los perjuicios que pueda causar al prestador o a terceros.<\/p>\n<p><strong>2.4. Menores de edad<\/strong>.<\/p>\n<p>BCN GESTIO EMPRESARIAL, SL recomienda el uso de esta p\u00e1gina web a mayores de 18 a\u00f1os. Para el uso de los servicios de esta p\u00e1gina web, los menores de edad deber\u00e1n obtener siempre previamente el consentimiento de los padres, tutores o representantes legales, responsables \u00faltimos de todos los actos realizados por los menores a su cargo. La responsabilidad en la determinaci\u00f3n de contenidos concretos a los cuales accedan los menores corresponde a aquellos, es por ello que, si acceden a contenidos no apropiados por Internet, se tendr\u00e1n que configurar en sus ordenadores o dispositivos m\u00f3viles mecanismos (filtros, bloqueos, etc.), que permitan limitar los contenidos disponibles.<\/p>\n<p><strong>2.5. Obligaciones de los usuarios.<\/strong><\/p>\n<p>El usuario se compromete a utilizar esta p\u00e1gina web de conformidad con las presentes Condiciones, la Ley, la moral y las buenas costumbres. A tal efecto, el usuario se abstendr\u00e1 de utilizar este sitio web con finalidades il\u00edcitas o prohibidas, lesivas de derechos e intereses del prestador, otros usuarios y terceros, o que de cualquier forma puedan da\u00f1ar, inutilizar, sobrecargar, deteriorar o impedir la normal utilizaci\u00f3n de equipos inform\u00e1ticos o documentos, archivos y toda clase de contenidos almacenados en cualquier equipo inform\u00e1tico del prestador o terceros.<\/p>\n<p>En particular, y a t\u00edtulo indicativo, pero no exhaustivo, el usuario se compromete a no transmitir, difundir o poner a disposici\u00f3n de terceras informaciones, datos, contenidos, mensajes, gr\u00e1ficos, dibujos, archivos de sonido o imagen, fotograf\u00edas, grabaciones, software y, en general, cualquier clase de material que:<\/p>\n<ul>\n<li>Sea contrario, desprecie o atente contra los derechos fundamentales y libertades p\u00fablicas reconocidas constitucionalmente, en tratados internacionales y otras normas vigentes.<\/li>\n<li>Induzca, incite o promueva actuaciones delictivas, denigrantes, difamatorias, violentas o, en general, contrarias a las leyes, la moral y el orden p\u00fablico.<\/li>\n<li>Induzca, incite o promueva actuaciones, actitudes o pensamientos discriminatorios por raz\u00f3n de sexo, raza, religi\u00f3n, creencias, edad, orientaci\u00f3n sexual o condici\u00f3n, entre otros.<\/li>\n<li>Sea contrario al derecho al honor, a la intimidad personal o familiar o a la propia imagen de las personas.<\/li>\n<li>De cualquier manera que perjudique la credibilidad del prestador o de terceros.<\/li>\n<li>Que constituya publicidad il\u00edcita, enga\u00f1osa o desleal.<\/li>\n<\/ul>\n<p><strong>3.- EXCLUSI\u00d3N DE GARANT\u00cdAS Y RESPONSABILIDAD <\/strong><\/p>\n<p>El contenido del presente sitio web es de car\u00e1cter general y tiene una finalidad meramente informativa, sin que se garantice plenamente el acceso a todos los contenidos, ni su exhaustividad, correcci\u00f3n, vigencia o actualidad\u00a1; ni su idoneidad o utilidad para un objetivo espec\u00edfico.<\/p>\n<p>El prestador se exime de cualquier tipo de responsabilidad derivada de la informaci\u00f3n publicada en nuestra p\u00e1gina web, siempre que dicha informaci\u00f3n haya sido manipulada o introducida por un tercero ajeno.<\/p>\n<p>Este sitio web ha sido revisado y probado para que funcione correctamente. Sin embargo, el prestador no descarta la posibilidad de que existan determinados errores de programaci\u00f3n, o que sucedan causas de fuerza mayor, cat\u00e1strofes naturales, huelgas, o circunstancias similares que hagan imposible de forma temporal el acceso a la p\u00e1gina web.<\/p>\n<p>El prestador excluye, hasta donde permite el ordenamiento jur\u00eddico, cualquier responsabilidad por los da\u00f1os y perjuicios de toda naturaleza derivados de:<\/p>\n<ol>\n<li>La imposibilidad de acceso al sitio web o la falta de veracidad, exactitud, exhaustividad y\/o actualidad de los contenidos, as\u00ed como la existencia de vicios y defectos de toda clase de los contenidos transmitidos, difundidos, almacenados, puestos a disposici\u00f3n a los que se haya accedido a trav\u00e9s del sitio web o de los servicios que se ofrecen.<\/li>\n<li>La presencia de virus o de otros elementos en los contenidos que puedan producir alteraciones en los sistemas inform\u00e1ticos, documentos electr\u00f3nicos o datos de los usuarios.<\/li>\n<li>El incumplimiento de las leyes, la buena fe, el orden p\u00fablico, los usos del tr\u00e1fico y el presente Aviso legal, como consecuencia del uso incorrecto del sitio web. En particular, y a modo de ejemplo, el prestador no se hace responsable de las actuaciones de terceros que vulneren derechos de propiedad intelectual e industrial, secretos empresariales, derechos al honor, a la intimidad personal y familiar y a la propia imagen, as\u00ed como la normativa en materia de competencia desleal y publicidad il\u00edcita.<\/li>\n<\/ol>\n<p>El prestador no garantiza la disponibilidad continua y permanente de los servicios, quedando de este modo exonerado de cualquier responsabilidad por posibles da\u00f1os y perjuicios causados como consecuencia de la falta de disponibilidad del servicio por motivos de fuerza mayor o errores en las redes telem\u00e1ticas de transferencia de datos ajenos a su voluntad, o por desconexiones realizadas por trabajos de mejora o mantenimiento de los equipos y sistemas inform\u00e1ticos. El prestador no ser\u00e1 responsable por la interrupci\u00f3n, suspensi\u00f3n o finalizaci\u00f3n de la informaci\u00f3n o servicios. Asimismo, no se responsabiliza de las posibles omisiones, p\u00e9rdidas de informaci\u00f3n, datos, configuraciones, accesos indebidos o vulneraci\u00f3n de la confidencialidad que tengan origen en problemas t\u00e9cnicos, de comunicaciones u omisiones humanas, causadas por terceros o no imputables al prestador. Tampoco responder\u00e1 de los da\u00f1os producidos por ataques inform\u00e1ticos o causados por virus que afecten a programas inform\u00e1ticos, sistemas de comunicaciones o equipos utilizados por prestador, pero fabricados o facilitados por un tercero. El prestador podr\u00e1, a su sola discreci\u00f3n, denegar, retirar, suspender y\/o bloquear en cualquier momento, y sin necesidad de previo aviso, el acceso a la informaci\u00f3n y servicios a aquellos usuarios que incumplan las presentes condiciones.<\/p>\n<p>El prestador No se hace responsable bajo ning\u00fan concepto de los da\u00f1os que puedan dimanar del uso ilegal o indebido de la presente p\u00e1gina web.<\/p>\n<p>En todo caso, el prestador excluye cualquier responsabilidad por los da\u00f1os y perjuicios que puedan deberse a la informaci\u00f3n y\/o servicios prestados o suministrados por terceros, diferentes de los ofrecidos por el prestador. Toda responsabilidad recaer\u00e1 sobre el tercero, ya sea este proveedor, colaborador u otro.<\/p>\n<p><strong>4.- ENLACES (<em>LINKS<\/em>)<\/strong><\/p>\n<p>Es posible que este sitio web incluya enlaces o hiperv\u00ednculos que permita a los usuarios ser redirigidos a contenidos de p\u00e1ginas web y sitios de Internet pertenecientes a terceros ajenos al prestador. Debido a que desde nuestra p\u00e1gina web no podemos controlar siempre los contenidos introducidos por los terceros, BCN GESTIO EMPRESARIAL, SL no asume ning\u00fan tipo de responsabilidad respecto a dichos contenidos. En todo caso, el prestador manifiesta que proceder\u00e1 a la retirada inmediata de cualquier contenido que pudiera contravenir la legislaci\u00f3n nacional y\/o internacional, la moral o el orden p\u00fablico, procediendo a la retirada inmediata del <em>link<\/em> o enlace a webs de terceros, y poniendo en conocimiento de las autoridades competentes el contenido en cuesti\u00f3n.<\/p>\n<p>El prestador no se responsabiliza de la informaci\u00f3n y contenidos almacenados, a t\u00edtulo enunciativo, pero no limitativo, en foros, chats, generadores de blogs, comentarios, redes sociales o cualquier otro medio que permita a terceros publicar contenidos de forma independiente en la p\u00e1gina web del prestador. Sin embargo, y en cumplimiento de los que dispone los art\u00edculos 11 y 16 LSSI-CE, el prestador se pone a disposici\u00f3n de los usuarios, autoridades y fuerzas de seguridad, y colaborando de forma activa en la retirada o, cuando sea necesario, el bloqueo de todos aquellos contenidos que puedan afectar o contravenir la legislaci\u00f3n nacional, o internacional, derechos de terceros, o la moral y el orden p\u00fablico. En caso de que el usuario considere que pueda existir alg\u00fan contenido que pudiera ser susceptible de esta clasificaci\u00f3n, se ruega lo notifique a la mayor brevedad posible al administrador del sitio web.<\/p>\n<p><strong>5.- PROPIEDAD INTELECTUAL<\/strong><\/p>\n<p>Este sitio web, incluyendo a t\u00edtulo enunciativo, pero no limitativo, la programaci\u00f3n, edici\u00f3n, compilaci\u00f3n y otros elementos necesarios para su funcionamiento; los dise\u00f1os, logotipos, textos, fotograf\u00edas y\/o elementos gr\u00e1ficos y sonoros, son propiedad del prestador o, en su defecto, dispone de las licencias y\/o autorizaciones concedidas por sus autores para su uso leg\u00edtimo. Todos los contenidos del sitio web se encuentran debidamente protegidos por la normativa sobre propiedad intelectual e industrial aplicable.<\/p>\n<p>Independientemente de la finalidad por la que fueran destinados, la reproducci\u00f3n total o parcial, uso, distribuci\u00f3n y comunicaci\u00f3n p\u00fablica requieren de la autorizaci\u00f3n escrita previa por parte del prestador. Cualquier uso no autorizado previamente por parte del prestador ser\u00e1 considerado un incumplimiento grave de los derechos de propiedad intelectual e industrial de su leg\u00edtimo propietario.<\/p>\n<p>Los dise\u00f1os, logotipos, textos, gr\u00e1ficos, entre otros, ajenos al prestador y que puedan aparecer en este sitio web, pertenecen a sus respectivos propietarios, siendo ellos mismos los responsables de cualquier posible controversia que pudiera acontecer respecto de los mismos. En todo caso, el prestador cuenta con la autorizaci\u00f3n expresa y previa por parte de los mismos para su utilizaci\u00f3n en esta p\u00e1gina web.<\/p>\n<p>El prestador reconoce a favor de sus titulares los correspondientes derechos de propiedad industrial e intelectual, no implicando su menci\u00f3n o aparici\u00f3n en el sitio web, de la existencia de derechos o ninguna responsabilidad del prestador sobre los mismos, como tampoco respaldo, patrocinio o recomendaci\u00f3n por parte de este.<\/p>\n<p><strong>6.- REDES SOCIALES <\/strong><\/p>\n<p>Le informamos que BCN GESTIO EMPRESARIAL, SL puede estar presente en diversas redes sociales. El tratamiento de los datos que los usuarios incluyan en las mismas -siendo seguidores de los perfiles de BCN GESTIO EMPRESARIAL, SL, o realizando cualquier v\u00ednculo o acci\u00f3n de conexi\u00f3n a trav\u00e9s de estas- se regir\u00e1 por el presente apartado de este Aviso legal. Cuando el usuario se encuentre en el perfil de BCN GESTIO EMPRESARIAL, SL en las diversas redes sociales en las que tenga presencia, le resultar\u00e1n de aplicaci\u00f3n las condiciones de uso y las pol\u00edticas de privacidad de las distintas redes sociales. BCN GESTIO EMPRESARIAL, SL no se har\u00e1 responsable de los comentarios que otros usuarios de las redes sociales puedan publicar en el perfil de la empresa, todo ello sin perjuicio de las posibles acciones que BCN GESTIO EMPRESARIAL, SL pueda ejercer frente a los titulares de las redes sociales (por ejemplo, solicitud de eliminaci\u00f3n de comentarios inapropiados, ofensivos, o lesivos de derechos de otros usuarios).<\/p>\n<p>BCN GESTIO EMPRESARIAL, SL tendr\u00e1 acceso a los datos personales que el usuario haya publicado en sus perfiles de las redes sociales, del mismo modo que otros usuarios de las redes sociales puedan tener acceso.<\/p>\n<p>Queda prohibida la publicaci\u00f3n del siguiente contenido en el perfil de BCN GESTIO EMPRESARIAL, SL en redes sociales, todo ello sin perjuicio de las normas de conducta y condiciones de uso del servicio impuestas por los titulares de las distintas redes sociales:<\/p>\n<ul>\n<li>Publicaciones que incumplan la normativa nacional, comunitaria e internacional aplicable, o que supongan la realizaci\u00f3n de actividades il\u00edcitas o que contravengan los principios de la buena fe.<\/li>\n<li>Publicaciones que atenten contra los derechos fundamentales y libertades p\u00fablicas de las personas, falten a la cortes\u00eda en la red, al respeto o al buen nombre.<\/li>\n<\/ul>\n<p>Asimismo, BCN GESTIO EMPRESARIAL, SL se reserva la potestad de retirar de la p\u00e1gina web, o de las redes sociales, aquellos contenidos que se consideren inapropiados.<\/p>\n<p><strong>7.- PROTECCI\u00d3N DE DATOS<\/strong><\/p>\n<p>Es posible que el prestador obtenga datos personales de los usuarios a trav\u00e9s de formularios de contacto, formularios de registro u otros medios similares. El usuario podr\u00e1 obtener m\u00e1s informaci\u00f3n sobre el tratamiento de sus datos personales en nuestra Pol\u00edtica de privacidad, o dirigi\u00e9ndose al prestador a trav\u00e9s de los datos de contacto contenidos en el presente Aviso legal, y a trav\u00e9s de los formularios de contacto que, en su caso, hayan sido habilitados al efecto.<\/p>\n<p><strong>8.- COOKIES <\/strong><\/p>\n<p>Este sitio web utiliza cookies propias y de terceros. Para conocer m\u00e1s informaci\u00f3n sobre qu\u00e9 son las cookies y para qu\u00e9 las utilizamos, puedes acceder a nuestra Pol\u00edtica de cookies.<\/p>\n<p><strong>9.- NULIDAD PARCIAL.<\/strong><\/p>\n<p>Si alguna de las condiciones del presente Aviso legal fuera declarada nula o ineficaz por resoluci\u00f3n firme dictada por autoridad competente, los restantes t\u00e9rminos y condiciones permanecer\u00e1n en vigor, sin que queden afectados por dicha declaraci\u00f3n de nulidad.<\/p>\n<p><strong>10.- LEY APLICABLE Y JURISDICCI\u00d3N<\/strong><\/p>\n<p><strong>\u00a0<\/strong><\/p>\n<p>Para la resoluci\u00f3n de las controversias o cuestiones relacionadas con las presentes condiciones, resultar\u00e1 de aplicaci\u00f3n la legislaci\u00f3n espa\u00f1ola, siendo competente para el conocimiento de los conflictos que pudieran surgir en la interpretaci\u00f3n y aplicaci\u00f3n de las presentes condiciones los Juzgados y Tribunales del domicilio del prestador o del usuario, a elecci\u00f3n de este \u00faltimo.<\/p>\n<\/div><\/div><\/div><style type=\"text\/css\">.fusion-body .fusion-builder-column-0{width:100% !important;margin-top : 0px;margin-bottom : 20px;}.fusion-builder-column-0 > .fusion-column-wrapper {padding-top : 0px !important;padding-right : 0px !important;margin-right : 1.92%;padding-bottom : 0px !important;padding-left : 0px !important;margin-left : 1.92%;}@media only screen and (max-width:1024px) {.fusion-body .fusion-builder-column-0{width:100% !important;order : 0;}.fusion-builder-column-0 > .fusion-column-wrapper {margin-right : 1.92%;margin-left : 1.92%;}}@media only screen and (max-width:640px) {.fusion-body .fusion-builder-column-0{width:100% !important;order : 0;}.fusion-builder-column-0 > .fusion-column-wrapper {margin-right : 1.92%;margin-left : 1.92%;}}<\/style><\/div><style type=\"text\/css\">.fusion-body .fusion-flex-container.fusion-builder-row-1{ padding-top : 0px;margin-top : 0px;padding-right : 0px;padding-bottom : 0px;margin-bottom : 0px;padding-left : 0px;}<\/style><\/div>\n","protected":false},"excerpt":{"rendered":"","protected":false},"author":9,"featured_media":0,"parent":0,"menu_order":0,"comment_status":"closed","ping_status":"closed","template":"","meta":[],"_links":{"self":[{"href":"https:\/\/bcngestioempresarial.com\/ca\/wp-json\/wp\/v2\/pages\/928"}],"collection":[{"href":"https:\/\/bcngestioempresarial.com\/ca\/wp-json\/wp\/v2\/pages"}],"about":[{"href":"https:\/\/bcngestioempresarial.com\/ca\/wp-json\/wp\/v2\/types\/page"}],"author":[{"embeddable":true,"href":"https:\/\/bcngestioempresarial.com\/ca\/wp-json\/wp\/v2\/users\/9"}],"replies":[{"embeddable":true,"href":"https:\/\/bcngestioempresarial.com\/ca\/wp-json\/wp\/v2\/comments?post=928"}],"version-history":[{"count":1,"href":"https:\/\/bcngestioempresarial.com\/ca\/wp-json\/wp\/v2\/pages\/928\/revisions"}],"predecessor-version":[{"id":930,"href":"https:\/\/bcngestioempresarial.com\/ca\/wp-json\/wp\/v2\/pages\/928\/revisions\/930"}],"wp:attachment":[{"href":"https:\/\/bcngestioempresarial.com\/ca\/wp-json\/wp\/v2\/media?parent=928"}],"curies":[{"name":"wp","href":"https:\/\/api.w.org\/{rel}","templated":true}]}}